{"id":63,"date":"2017-04-25T16:16:32","date_gmt":"2017-04-25T16:16:32","guid":{"rendered":"https:\/\/carstenjessen.dk\/?page_id=63"},"modified":"2025-06-19T13:45:07","modified_gmt":"2025-06-19T13:45:07","slug":"carsten-jessen","status":"publish","type":"page","link":"https:\/\/carstenjessen.dk\/carsten-jessen\/","title":{"rendered":"CV for Carsten Jessen"},"content":{"rendered":"<h3><\/h3>\n<h3>Besk\u00e6ftigelser<\/h3>\n<p>2014- 2022\u00a0 \u00a0Emeritus, Center for Undervisningsudvikling og Digitale Medier, AU<\/p>\n<p>2007- \u00a0 \u00a0 \u00a0 \u00a0 \u00a0 \u00a0 Formand for <a href=\"http:\/\/ipa-danmark.dk\/\">International Play Association Danmark (IPA<\/a>)<\/p>\n<p>2012-2014 \u00a0\u00a0 Lektor, Center for Undervisningsudvikling og Digitale Medier, AU<\/p>\n<p>2009-2014 \u00a0 \u00a0Lektor, Center for Playware, DPU, Aarhus Universitet<\/p>\n<p>2007-2008 \u00a0\u00a0 Lektor, Center for Playware, Syddansk Universitet<\/p>\n<p>2001-2006 \u00a0 \u00a0Lektor, Institut for P\u00e6dagogisk Antropologi, Danmarks P\u00e6dagogiske Universitet<\/p>\n<p>1999-2001\u00a0\u00a0\u00a0\u00a0 Lektor, Danmarks L\u00e6rerh\u00f8jskole<\/p>\n<p>1996-1999\u00a0\u00a0\u00a0\u00a0 Ph.d., Institut for Litteratur, Kultur og Medier, Syddansk Universitet<\/p>\n<p>1986-1996\u00a0\u00a0\u00a0\u00a0 Seminariel\u00e6rer<\/p>\n<p>&nbsp;<\/p>\n<h3>Uddannelse<\/h3>\n<p>Ph.d. , Institut for Litteratur, Kultur og Medier, Syddansk Universitet (2000)<\/p>\n<p>Cand.mag. , Institut for Idehistorier &amp; Institut for Nordisk Litteratur, Aarhus Universitet (1986)<\/p>\n<p>&nbsp;<\/p>\n<h3>Tildeling af eksterne forskningsmidler<\/h3>\n<p>&nbsp;<\/p>\n<p>2014-2015\u00a0\u00a0\u00a0\u00a0 Kommunernes Landsforening og Styrelsen for It og L\u00e6ring<\/p>\n<p>2010-2013\u00a0\u00a0\u00a0\u00a0\u00a0 H\u00f8jteknologifonden<\/p>\n<p>2007-2010 \u00a0 \u00a0 \u00a0KINO, Det Strategiske Forskningsr\u00e5d<\/p>\n<p>2005-2007 \u00a0 \u00a0 \u00a0Den Jysk-Fynske IT-Satsning, Det Strategiske Forskningsr\u00e5d<\/p>\n<p>2003-2005\u00a0\u00a0\u00a0\u00a0 Den Jysk-Fynske IT-Satsning, Det Strategiske Forskningsr\u00e5d<\/p>\n<p>2004 \u00a0 \u00a0 \u00a0 \u00a0 \u00a0 \u00a0 \u00a0 \u00a0Microsoft Research Europe<\/p>\n<p>2002-2004 \u00a0 \u00a0 Det Humanistiske Forskningsr\u00e5d<\/p>\n<p>1997-2001 \u00a0 \u00a0 \u00a0 Det Humanistiske Forskningsr\u00e5d<\/p>\n<p>1996-2001 \u00a0 \u00a0 \u00a0 LEGO A\/S og KOMPAN A\/S<\/p>\n<p>&nbsp;<\/p>\n<h3><\/h3>\n<h3>Design af legeprodukter<\/h3>\n<p>Intelligente LEGO-klodser, LEGO A\/S og DTU<\/p>\n<p>\u201dICON\u201d, digital legeplads, KOMPAN A\/S og DTU.<\/p>\n<p>\u201diTiles\u201d, interaktive digitale fliser, Entertainment Robotics og DTU<\/p>\n<p>\u201dBeat Blocks\u201d, interaktive musikkuber, Danmarks Rockmuseum og DTU<\/p>\n<p>\u201dInteraktive motionsruter\u201d, Herlev kommune<\/p>\n<p>\u201dDJEEO Learn og DJEEO Play\u201d, GPS-baseret motion, DJEEO A\/S og DTU<\/p>\n<p>\u201dDigiplay\u201d, sprogtr\u00e6ning, Digiplay Aps<\/p>\n<p>&nbsp;<\/p>\n<h3>Deltagelse i r\u00e5dgivende statslige r\u00e5d<\/h3>\n<p>1994-1995\u00a0\u00a0\u00a0\u00a0 Udvalg vedr. film-, tv-, og videovold, Kulturministeriet<\/p>\n<p>1999-2000 \u00a0 \u00a0Udvalg vedr. b\u00f8rns leg og l\u00e6ring, Erhvervsfremmestyrelsen<\/p>\n<p>2006-2007 \u00a0 \u00a0Udvalg vedr. fremtidens biblioteksbetjening af b\u00f8rn, Kulturministeriet<\/p>\n<p>2007-2009 \u00a0 \u00a0Referencegruppen vedr. it-kompetencer i folkeskolen, Undervisningsministeriet<\/p>\n<p>2013-2014 \u00a0 \u00a0 Ekspertudvalg om b\u00f8rn, unge og markedsf\u00f8ring, Erhvervs- og V\u00e6kstministeriet<\/p>\n","protected":false},"excerpt":{"rendered":"<p>Besk\u00e6ftigelser 2014- 2022\u00a0 \u00a0Emeritus, Center for Undervisningsudvikling og Digitale Medier, AU 2007- \u00a0 \u00a0 \u00a0 \u00a0 \u00a0 \u00a0 Formand for International Play Association Danmark (IPA) 2012-2014 \u00a0\u00a0 Lektor, Center for Undervisningsudvikling og Digitale Medier, AU 2009-2014 \u00a0 \u00a0Lektor, Center for Playware, DPU, Aarhus Universitet 2007-2008 \u00a0\u00a0 Lektor, Center for Playware, Syddansk Universitet 2001-2006 \u00a0 \u00a0Lektor, <a href=\"https:\/\/carstenjessen.dk\/carsten-jessen\/\" rel=\"nofollow\"><span class=\"sr-only\">L\u00e6s mere omCV for Carsten Jessen<\/span>[&#8230;]<\/a><\/p>\n","protected":false},"author":1,"featured_media":0,"parent":0,"menu_order":0,"comment_status":"closed","ping_status":"closed","template":"","meta":{"footnotes":""},"class_list":["post-63","page","type-page","status-publish","hentry"],"_links":{"self":[{"href":"https:\/\/carstenjessen.dk\/wp-json\/wp\/v2\/pages\/63","targetHints":{"allow":["GET"]}}],"collection":[{"href":"https:\/\/carstenjessen.dk\/wp-json\/wp\/v2\/pages"}],"about":[{"href":"https:\/\/carstenjessen.dk\/wp-json\/wp\/v2\/types\/page"}],"author":[{"embeddable":true,"href":"https:\/\/carstenjessen.dk\/wp-json\/wp\/v2\/users\/1"}],"replies":[{"embeddable":true,"href":"https:\/\/carstenjessen.dk\/wp-json\/wp\/v2\/comments?post=63"}],"version-history":[{"count":7,"href":"https:\/\/carstenjessen.dk\/wp-json\/wp\/v2\/pages\/63\/revisions"}],"predecessor-version":[{"id":442,"href":"https:\/\/carstenjessen.dk\/wp-json\/wp\/v2\/pages\/63\/revisions\/442"}],"wp:attachment":[{"href":"https:\/\/carstenjessen.dk\/wp-json\/wp\/v2\/media?parent=63"}],"curies":[{"name":"wp","href":"https:\/\/api.w.org\/{rel}","templated":true}]}}