{"id":138,"date":"2017-04-26T13:10:52","date_gmt":"2017-04-26T13:10:52","guid":{"rendered":"https:\/\/carstenjessen.dk\/?page_id=138"},"modified":"2026-01-02T13:31:11","modified_gmt":"2026-01-02T13:31:11","slug":"foredrag","status":"publish","type":"page","link":"https:\/\/carstenjessen.dk\/foredrag\/","title":{"rendered":"Foredrag"},"content":{"rendered":"<p>Jeg holder foredrag om b\u00f8rns leg, legekultur, l\u00e6ring og om deres brug af digitale medier. Kontakt mig p\u00e5 carstenjessen@gmail.com<\/p>\n","protected":false},"excerpt":{"rendered":"<p>Jeg holder foredrag om b\u00f8rns leg, legekultur, l\u00e6ring og om deres brug af digitale medier. Kontakt mig p\u00e5 carstenjessen@gmail.com<\/p>\n","protected":false},"author":1,"featured_media":0,"parent":0,"menu_order":0,"comment_status":"closed","ping_status":"closed","template":"","meta":{"footnotes":""},"class_list":["post-138","page","type-page","status-publish","hentry"],"_links":{"self":[{"href":"https:\/\/carstenjessen.dk\/wp-json\/wp\/v2\/pages\/138","targetHints":{"allow":["GET"]}}],"collection":[{"href":"https:\/\/carstenjessen.dk\/wp-json\/wp\/v2\/pages"}],"about":[{"href":"https:\/\/carstenjessen.dk\/wp-json\/wp\/v2\/types\/page"}],"author":[{"embeddable":true,"href":"https:\/\/carstenjessen.dk\/wp-json\/wp\/v2\/users\/1"}],"replies":[{"embeddable":true,"href":"https:\/\/carstenjessen.dk\/wp-json\/wp\/v2\/comments?post=138"}],"version-history":[{"count":12,"href":"https:\/\/carstenjessen.dk\/wp-json\/wp\/v2\/pages\/138\/revisions"}],"predecessor-version":[{"id":460,"href":"https:\/\/carstenjessen.dk\/wp-json\/wp\/v2\/pages\/138\/revisions\/460"}],"wp:attachment":[{"href":"https:\/\/carstenjessen.dk\/wp-json\/wp\/v2\/media?parent=138"}],"curies":[{"name":"wp","href":"https:\/\/api.w.org\/{rel}","templated":true}]}}